{"id":216,"date":"2019-02-09T11:27:42","date_gmt":"2019-02-09T10:27:42","guid":{"rendered":"https:\/\/pvz.sk\/?page_id=216"},"modified":"2021-11-14T12:31:43","modified_gmt":"2021-11-14T11:31:43","slug":"hardware","status":"publish","type":"page","link":"https:\/\/pvz.sk\/?page_id=216","title":{"rendered":"Hardware"},"content":{"rendered":"\n<h5 class=\"has-text-align-center wp-block-heading\">Servery<\/h5>\n\n\n\n<p>Mojou dom\u00e9nou s\u00fa hlavne serverov\u00e9 rie\u0161enia. Pon\u00fakam dod\u00e1vku serverov renomovan\u00fdch v\u00fdrobcov IBM, HP, Dell, Lenovo, ktor\u00e9 s\u00fa neoddelite\u013enou s\u00fa\u010das\u0165ou pri nasadzovan\u00ed rozsiahlych a n\u00e1ro\u010dn\u00fdch rie\u0161en\u00ed. Nad\u0161tandardn\u00fd servis od dod\u00e1vky servera, jeho in\u0161tal\u00e1ciu a\u017e po spustenie do produk\u010dnej f\u00e1zy je u m\u0148a samozrejmos\u0165ou. <\/p>\n\n\n\n<hr class=\"wp-block-separator is-style-dots\"\/>\n\n\n\n<h5 class=\"has-text-align-center wp-block-heading\">Pracovn\u00e9 stanice<\/h5>\n\n\n\n<p>Na z\u00e1klade dlhodob\u00fdch sk\u00fasenost\u00ed v oblasti informa\u010dn\u00fdch technol\u00f3gi\u00ed po konzult\u00e1cii so z\u00e1kazn\u00edkom navrhnem najefekt\u00edvnej\u0161ie rie\u0161enie na maxim\u00e1lne vyu\u017eitie technick\u00fdch a finan\u010dn\u00fdch prostriedkov pri zria\u010fovan\u00ed technick\u00e9ho vybavenia \u010di u\u017e ide o tenk\u00fdch klientov (tablety) v podnikovej sieti, po\u010d\u00edta\u010dov\u00e9 zostavy \u010di notebooky pre klasick\u00fa prev\u00e1dzku, ale i \u0161peci\u00e1lne po\u010d\u00edta\u010dov\u00e9 zostavy napr. pre  strih videa vo vysokom rozl\u00ed\u0161en\u00ed, prev\u00e1dzku CAD\/CAM syst\u00e9mov a podobne. <\/p>\n\n\n\n<hr class=\"wp-block-separator is-style-dots\"\/>\n\n\n\n<h5 class=\"has-text-align-center wp-block-heading\">Perif\u00e9rne zariadenia<\/h5>\n\n\n\n<p>Zabezpe\u010dujem taktie\u017e dod\u00e1vku perif\u00e9rnych zariaden\u00ed, tla\u010diarn\u00ed, monitorov, skenerov, ktor\u00e9 bezprostredne spolupracuj\u00fa s po\u010d\u00edta\u010dov\u00fdmi klientmi, ale i samostatne funguj\u00facich sie\u0165ov\u00fdch tla\u010diarn\u00ed, kop\u00edrovac\u00edch strojov, projektorov a podobn\u00fdch zariaden\u00ed. Dod\u00e1vky perif\u00e9rnych zariaden\u00ed nekon\u010dia len in\u0161tal\u00e1ciou zariadenia, samozrejmos\u0165ou je n\u00e1sledn\u00e1 \u00fadr\u017eba a servis t\u00fdchto zariaden\u00ed a taktie\u017e dod\u00e1vky spotrebn\u00e9ho materi\u00e1lu. <\/p>\n","protected":false},"excerpt":{"rendered":"<p>Servery Mojou dom\u00e9nou s\u00fa hlavne serverov\u00e9 rie\u0161enia. Pon\u00fakam dod\u00e1vku serverov renomovan\u00fdch v\u00fdrobcov IBM, HP, Dell, Lenovo, ktor\u00e9 s\u00fa neoddelite\u013enou s\u00fa\u010das\u0165ou pri nasadzovan\u00ed rozsiahlych a n\u00e1ro\u010dn\u00fdch rie\u0161en\u00ed. Nad\u0161tandardn\u00fd servis od dod\u00e1vky servera, jeho in\u0161tal\u00e1ciu a\u017e po spustenie do produk\u010dnej f\u00e1zy je u m\u0148a samozrejmos\u0165ou. Pracovn\u00e9 stanice Na z\u00e1klade dlhodob\u00fdch sk\u00fasenost\u00ed v oblasti informa\u010dn\u00fdch technol\u00f3gi\u00ed po konzult\u00e1cii [&hellip;]<\/p>\n","protected":false},"author":1,"featured_media":0,"parent":169,"menu_order":0,"comment_status":"closed","ping_status":"closed","template":"","meta":{"_monsterinsights_skip_tracking":false,"_monsterinsights_sitenote_active":false,"_monsterinsights_sitenote_note":"","_monsterinsights_sitenote_category":0,"footnotes":""},"class_list":["post-216","page","type-page","status-publish","hentry"],"_links":{"self":[{"href":"https:\/\/pvz.sk\/index.php?rest_route=\/wp\/v2\/pages\/216","targetHints":{"allow":["GET"]}}],"collection":[{"href":"https:\/\/pvz.sk\/index.php?rest_route=\/wp\/v2\/pages"}],"about":[{"href":"https:\/\/pvz.sk\/index.php?rest_route=\/wp\/v2\/types\/page"}],"author":[{"embeddable":true,"href":"https:\/\/pvz.sk\/index.php?rest_route=\/wp\/v2\/users\/1"}],"replies":[{"embeddable":true,"href":"https:\/\/pvz.sk\/index.php?rest_route=%2Fwp%2Fv2%2Fcomments&post=216"}],"version-history":[{"count":6,"href":"https:\/\/pvz.sk\/index.php?rest_route=\/wp\/v2\/pages\/216\/revisions"}],"predecessor-version":[{"id":4798,"href":"https:\/\/pvz.sk\/index.php?rest_route=\/wp\/v2\/pages\/216\/revisions\/4798"}],"up":[{"embeddable":true,"href":"https:\/\/pvz.sk\/index.php?rest_route=\/wp\/v2\/pages\/169"}],"wp:attachment":[{"href":"https:\/\/pvz.sk\/index.php?rest_route=%2Fwp%2Fv2%2Fmedia&parent=216"}],"curies":[{"name":"wp","href":"https:\/\/api.w.org\/{rel}","templated":true}]}}