{"id":417,"date":"2019-03-17T18:15:39","date_gmt":"2019-03-17T17:15:39","guid":{"rendered":"https:\/\/pvz.sk\/?page_id=417"},"modified":"2021-11-14T12:33:01","modified_gmt":"2021-11-14T11:33:01","slug":"technologie","status":"publish","type":"page","link":"https:\/\/pvz.sk\/?page_id=417","title":{"rendered":"Technol\u00f3gie"},"content":{"rendered":"\n<p>Pri pr\u00e1ci vyu\u017e\u00edvame zariadenia l\u00eddrov vo svojich oblastiach \u010di u\u017e ide o small business alebo corporate rie\u0161enia. Pracujeme s najnov\u0161\u00edmi technol\u00f3giami v oblastiach ako s\u00fa opera\u010dn\u00e9 syst\u00e9my, hardware, software, sie\u0165ov\u00e9 rie\u0161enia, vpn \/ firewally \u010di printery.  <\/p>\n\n\n\n<p>Opera\u010dn\u00e9 syst\u00e9my:<\/p>\n\n\n\n<ul class=\"wp-block-list\"><li>Windows XP, Vista, 7, 8, 8.1, 10<\/li><li>Windows Server 2003, 2008, 2012, 2016, 2019 <\/li><li>Linux &#8211; Ubuntu, Debian, CentOS<\/li><\/ul>\n\n\n\n<hr class=\"wp-block-separator is-style-dots\"\/>\n\n\n\n<p>Hardware (servery, stoln\u00e9 po\u010d\u00edta\u010de, notebooky):<\/p>\n\n\n\n<ul class=\"wp-block-list\"><li>Lenovo<\/li><li>IBM<\/li><li>Dell<\/li><li>HP<\/li><li>ASUS<\/li><li>Acer<\/li><\/ul>\n\n\n\n<hr class=\"wp-block-separator is-style-dots\"\/>\n\n\n\n<p>Software:<\/p>\n\n\n\n<ul class=\"wp-block-list\"><li>Microsoft Office 2003, 2007, 2013, 2016, 2019 \/ Office 365<\/li><li>VMware<\/li><li>Oracle VM VirtualBox<\/li><li>Microsoft Hyper-V<\/li><li>ESET<\/li><\/ul>\n\n\n\n<hr class=\"wp-block-separator is-style-dots\"\/>\n\n\n\n<p>Sie\u0165ov\u00e9 rie\u0161enia:<\/p>\n\n\n\n<ul class=\"wp-block-list\"><li>CISCO<\/li><li>TP-LINK<\/li><li>D-LINK<\/li><li>MikroTik<\/li><li>3Com<\/li><li>Netgear<\/li><li>QNAP<\/li><li>UBIQUITI<\/li><li>Zyxel <\/li><\/ul>\n\n\n\n<hr class=\"wp-block-separator is-style-dots\"\/>\n\n\n\n<p>VPN \/ Firewall:<\/p>\n\n\n\n<ul class=\"wp-block-list\"><li>Fortinet<\/li><li>SonicWall<\/li><li>Check Point<\/li><li>Zyxel<\/li><\/ul>\n\n\n\n<hr class=\"wp-block-separator is-style-dots\"\/>\n\n\n\n<p>Printov\u00e9 rie\u0161enia:<\/p>\n\n\n\n<ul class=\"wp-block-list\"><li>Canon<\/li><li>Epson<\/li><li>Kyocera<\/li><li>Lexmark<\/li><li>Ricoh<\/li><li>Xerox <\/li><\/ul>\n\n\n\n<figure class=\"wp-block-gallery columns-5 wp-block-gallery-1 is-layout-flex wp-block-gallery-is-layout-flex\"><ul class=\"blocks-gallery-grid\"><li class=\"blocks-gallery-item\"><figure><img loading=\"lazy\" decoding=\"async\" width=\"1024\" height=\"376\" src=\"https:\/\/pvz.sk\/wp-content\/uploads\/2019\/04\/Microsoft-1024x376.jpg\" alt=\"\" data-id=\"604\" data-link=\"https:\/\/pvz.sk\/?attachment_id=604\" class=\"wp-image-604\" srcset=\"https:\/\/pvz.sk\/wp-content\/uploads\/2019\/04\/Microsoft-1024x376.jpg 1024w, https:\/\/pvz.sk\/wp-content\/uploads\/2019\/04\/Microsoft-300x110.jpg 300w, https:\/\/pvz.sk\/wp-content\/uploads\/2019\/04\/Microsoft-768x282.jpg 768w, https:\/\/pvz.sk\/wp-content\/uploads\/2019\/04\/Microsoft-700x257.jpg 700w, https:\/\/pvz.sk\/wp-content\/uploads\/2019\/04\/Microsoft-410x151.jpg 410w, https:\/\/pvz.sk\/wp-content\/uploads\/2019\/04\/Microsoft-100x37.jpg 100w, https:\/\/pvz.sk\/wp-content\/uploads\/2019\/04\/Microsoft-275x101.jpg 275w\" sizes=\"auto, (max-width: 1024px) 100vw, 1024px\" \/><\/figure><\/li><li class=\"blocks-gallery-item\"><figure><img loading=\"lazy\" decoding=\"async\" width=\"800\" height=\"234\" src=\"https:\/\/pvz.sk\/wp-content\/uploads\/2019\/04\/Lenovo.png\" alt=\"\" data-id=\"602\" data-link=\"https:\/\/pvz.sk\/?attachment_id=602\" class=\"wp-image-602\" srcset=\"https:\/\/pvz.sk\/wp-content\/uploads\/2019\/04\/Lenovo.png 800w, https:\/\/pvz.sk\/wp-content\/uploads\/2019\/04\/Lenovo-300x88.png 300w, https:\/\/pvz.sk\/wp-content\/uploads\/2019\/04\/Lenovo-768x225.png 768w, https:\/\/pvz.sk\/wp-content\/uploads\/2019\/04\/Lenovo-700x205.png 700w, https:\/\/pvz.sk\/wp-content\/uploads\/2019\/04\/Lenovo-410x120.png 410w, https:\/\/pvz.sk\/wp-content\/uploads\/2019\/04\/Lenovo-100x29.png 100w, https:\/\/pvz.sk\/wp-content\/uploads\/2019\/04\/Lenovo-275x80.png 275w\" sizes=\"auto, (max-width: 800px) 100vw, 800px\" \/><\/figure><\/li><li class=\"blocks-gallery-item\"><figure><img loading=\"lazy\" decoding=\"async\" width=\"1024\" height=\"409\" src=\"https:\/\/pvz.sk\/wp-content\/uploads\/2019\/04\/IBM-1024x409.png\" alt=\"\" data-id=\"600\" data-link=\"https:\/\/pvz.sk\/?attachment_id=600\" class=\"wp-image-600\" srcset=\"https:\/\/pvz.sk\/wp-content\/uploads\/2019\/04\/IBM-1024x409.png 1024w, https:\/\/pvz.sk\/wp-content\/uploads\/2019\/04\/IBM-300x120.png 300w, https:\/\/pvz.sk\/wp-content\/uploads\/2019\/04\/IBM-768x307.png 768w, https:\/\/pvz.sk\/wp-content\/uploads\/2019\/04\/IBM-700x280.png 700w, https:\/\/pvz.sk\/wp-content\/uploads\/2019\/04\/IBM-410x164.png 410w, https:\/\/pvz.sk\/wp-content\/uploads\/2019\/04\/IBM-100x40.png 100w, https:\/\/pvz.sk\/wp-content\/uploads\/2019\/04\/IBM-275x110.png 275w\" sizes=\"auto, (max-width: 1024px) 100vw, 1024px\" \/><\/figure><\/li><li class=\"blocks-gallery-item\"><figure><img loading=\"lazy\" decoding=\"async\" width=\"1000\" height=\"1000\" src=\"https:\/\/pvz.sk\/wp-content\/uploads\/2019\/04\/Dell.png\" alt=\"\" data-id=\"596\" data-link=\"https:\/\/pvz.sk\/?attachment_id=596\" class=\"wp-image-596\" srcset=\"https:\/\/pvz.sk\/wp-content\/uploads\/2019\/04\/Dell.png 1000w, https:\/\/pvz.sk\/wp-content\/uploads\/2019\/04\/Dell-150x150.png 150w, https:\/\/pvz.sk\/wp-content\/uploads\/2019\/04\/Dell-300x300.png 300w, https:\/\/pvz.sk\/wp-content\/uploads\/2019\/04\/Dell-768x768.png 768w, https:\/\/pvz.sk\/wp-content\/uploads\/2019\/04\/Dell-700x700.png 700w, https:\/\/pvz.sk\/wp-content\/uploads\/2019\/04\/Dell-410x410.png 410w, https:\/\/pvz.sk\/wp-content\/uploads\/2019\/04\/Dell-100x100.png 100w, https:\/\/pvz.sk\/wp-content\/uploads\/2019\/04\/Dell-275x275.png 275w\" sizes=\"auto, (max-width: 1000px) 100vw, 1000px\" \/><\/figure><\/li><li class=\"blocks-gallery-item\"><figure><img loading=\"lazy\" decoding=\"async\" width=\"1024\" height=\"768\" src=\"https:\/\/pvz.sk\/wp-content\/uploads\/2019\/04\/HP-1024x768.png\" alt=\"\" data-id=\"637\" data-link=\"https:\/\/pvz.sk\/?attachment_id=637\" class=\"wp-image-637\" srcset=\"https:\/\/pvz.sk\/wp-content\/uploads\/2019\/04\/HP.png 1024w, https:\/\/pvz.sk\/wp-content\/uploads\/2019\/04\/HP-300x225.png 300w, https:\/\/pvz.sk\/wp-content\/uploads\/2019\/04\/HP-768x576.png 768w, https:\/\/pvz.sk\/wp-content\/uploads\/2019\/04\/HP-700x525.png 700w, https:\/\/pvz.sk\/wp-content\/uploads\/2019\/04\/HP-410x308.png 410w, https:\/\/pvz.sk\/wp-content\/uploads\/2019\/04\/HP-100x75.png 100w, https:\/\/pvz.sk\/wp-content\/uploads\/2019\/04\/HP-275x206.png 275w\" sizes=\"auto, (max-width: 1024px) 100vw, 1024px\" \/><\/figure><\/li><li class=\"blocks-gallery-item\"><figure><img loading=\"lazy\" decoding=\"async\" width=\"1024\" height=\"276\" src=\"https:\/\/pvz.sk\/wp-content\/uploads\/2019\/04\/ASUS-1024x276.png\" alt=\"\" data-id=\"592\" data-link=\"https:\/\/pvz.sk\/?attachment_id=592\" class=\"wp-image-592\" srcset=\"https:\/\/pvz.sk\/wp-content\/uploads\/2019\/04\/ASUS-1024x276.png 1024w, https:\/\/pvz.sk\/wp-content\/uploads\/2019\/04\/ASUS-300x81.png 300w, https:\/\/pvz.sk\/wp-content\/uploads\/2019\/04\/ASUS-768x207.png 768w, https:\/\/pvz.sk\/wp-content\/uploads\/2019\/04\/ASUS-700x188.png 700w, https:\/\/pvz.sk\/wp-content\/uploads\/2019\/04\/ASUS-410x110.png 410w, https:\/\/pvz.sk\/wp-content\/uploads\/2019\/04\/ASUS-100x27.png 100w, https:\/\/pvz.sk\/wp-content\/uploads\/2019\/04\/ASUS-275x74.png 275w\" sizes=\"auto, (max-width: 1024px) 100vw, 1024px\" \/><\/figure><\/li><li class=\"blocks-gallery-item\"><figure><img loading=\"lazy\" decoding=\"async\" width=\"1024\" height=\"1024\" src=\"https:\/\/pvz.sk\/wp-content\/uploads\/2019\/04\/VMware-1024x1024.png\" alt=\"\" data-id=\"609\" data-link=\"https:\/\/pvz.sk\/?attachment_id=609\" class=\"wp-image-609\" srcset=\"https:\/\/pvz.sk\/wp-content\/uploads\/2019\/04\/VMware-1024x1024.png 1024w, https:\/\/pvz.sk\/wp-content\/uploads\/2019\/04\/VMware-150x150.png 150w, https:\/\/pvz.sk\/wp-content\/uploads\/2019\/04\/VMware-300x300.png 300w, https:\/\/pvz.sk\/wp-content\/uploads\/2019\/04\/VMware-768x768.png 768w, https:\/\/pvz.sk\/wp-content\/uploads\/2019\/04\/VMware-700x700.png 700w, https:\/\/pvz.sk\/wp-content\/uploads\/2019\/04\/VMware-410x410.png 410w, https:\/\/pvz.sk\/wp-content\/uploads\/2019\/04\/VMware-100x100.png 100w, https:\/\/pvz.sk\/wp-content\/uploads\/2019\/04\/VMware-275x275.png 275w\" sizes=\"auto, (max-width: 1024px) 100vw, 1024px\" \/><\/figure><\/li><li class=\"blocks-gallery-item\"><figure><img loading=\"lazy\" decoding=\"async\" width=\"1024\" height=\"752\" src=\"https:\/\/pvz.sk\/wp-content\/uploads\/2019\/04\/ESET-1024x752.png\" alt=\"\" data-id=\"598\" data-link=\"https:\/\/pvz.sk\/?attachment_id=598\" class=\"wp-image-598\" srcset=\"https:\/\/pvz.sk\/wp-content\/uploads\/2019\/04\/ESET-1024x752.png 1024w, https:\/\/pvz.sk\/wp-content\/uploads\/2019\/04\/ESET-300x220.png 300w, https:\/\/pvz.sk\/wp-content\/uploads\/2019\/04\/ESET-768x564.png 768w, https:\/\/pvz.sk\/wp-content\/uploads\/2019\/04\/ESET-700x514.png 700w, https:\/\/pvz.sk\/wp-content\/uploads\/2019\/04\/ESET-410x301.png 410w, https:\/\/pvz.sk\/wp-content\/uploads\/2019\/04\/ESET-100x73.png 100w, https:\/\/pvz.sk\/wp-content\/uploads\/2019\/04\/ESET-275x202.png 275w, https:\/\/pvz.sk\/wp-content\/uploads\/2019\/04\/ESET.png 1620w\" sizes=\"auto, (max-width: 1024px) 100vw, 1024px\" \/><\/figure><\/li><li class=\"blocks-gallery-item\"><figure><img loading=\"lazy\" decoding=\"async\" width=\"1024\" height=\"542\" src=\"https:\/\/pvz.sk\/wp-content\/uploads\/2019\/04\/CISCO-1024x542.png\" alt=\"\" data-id=\"595\" data-link=\"https:\/\/pvz.sk\/?attachment_id=595\" class=\"wp-image-595\" srcset=\"https:\/\/pvz.sk\/wp-content\/uploads\/2019\/04\/CISCO-1024x542.png 1024w, https:\/\/pvz.sk\/wp-content\/uploads\/2019\/04\/CISCO-300x159.png 300w, https:\/\/pvz.sk\/wp-content\/uploads\/2019\/04\/CISCO-768x407.png 768w, https:\/\/pvz.sk\/wp-content\/uploads\/2019\/04\/CISCO-700x371.png 700w, https:\/\/pvz.sk\/wp-content\/uploads\/2019\/04\/CISCO-410x217.png 410w, https:\/\/pvz.sk\/wp-content\/uploads\/2019\/04\/CISCO-100x53.png 100w, https:\/\/pvz.sk\/wp-content\/uploads\/2019\/04\/CISCO-275x146.png 275w\" sizes=\"auto, (max-width: 1024px) 100vw, 1024px\" \/><\/figure><\/li><li class=\"blocks-gallery-item\"><figure><img loading=\"lazy\" decoding=\"async\" width=\"1024\" height=\"497\" src=\"https:\/\/pvz.sk\/wp-content\/uploads\/2019\/04\/TP-LINK-1024x497.png\" alt=\"\" data-id=\"608\" data-link=\"https:\/\/pvz.sk\/?attachment_id=608\" class=\"wp-image-608\" srcset=\"https:\/\/pvz.sk\/wp-content\/uploads\/2019\/04\/TP-LINK-1024x497.png 1024w, https:\/\/pvz.sk\/wp-content\/uploads\/2019\/04\/TP-LINK-300x146.png 300w, https:\/\/pvz.sk\/wp-content\/uploads\/2019\/04\/TP-LINK-768x373.png 768w, https:\/\/pvz.sk\/wp-content\/uploads\/2019\/04\/TP-LINK-700x340.png 700w, https:\/\/pvz.sk\/wp-content\/uploads\/2019\/04\/TP-LINK-410x199.png 410w, https:\/\/pvz.sk\/wp-content\/uploads\/2019\/04\/TP-LINK-100x49.png 100w, https:\/\/pvz.sk\/wp-content\/uploads\/2019\/04\/TP-LINK-275x134.png 275w, https:\/\/pvz.sk\/wp-content\/uploads\/2019\/04\/TP-LINK.png 2000w\" sizes=\"auto, (max-width: 1024px) 100vw, 1024px\" \/><\/figure><\/li><li class=\"blocks-gallery-item\"><figure><img loading=\"lazy\" decoding=\"async\" width=\"980\" height=\"280\" src=\"https:\/\/pvz.sk\/wp-content\/uploads\/2019\/04\/Mikrotik.png\" alt=\"\" data-id=\"605\" data-link=\"https:\/\/pvz.sk\/?attachment_id=605\" class=\"wp-image-605\" srcset=\"https:\/\/pvz.sk\/wp-content\/uploads\/2019\/04\/Mikrotik.png 980w, https:\/\/pvz.sk\/wp-content\/uploads\/2019\/04\/Mikrotik-300x86.png 300w, https:\/\/pvz.sk\/wp-content\/uploads\/2019\/04\/Mikrotik-768x219.png 768w, https:\/\/pvz.sk\/wp-content\/uploads\/2019\/04\/Mikrotik-700x200.png 700w, https:\/\/pvz.sk\/wp-content\/uploads\/2019\/04\/Mikrotik-410x117.png 410w, https:\/\/pvz.sk\/wp-content\/uploads\/2019\/04\/Mikrotik-100x29.png 100w, https:\/\/pvz.sk\/wp-content\/uploads\/2019\/04\/Mikrotik-275x79.png 275w\" sizes=\"auto, (max-width: 980px) 100vw, 980px\" \/><\/figure><\/li><li class=\"blocks-gallery-item\"><figure><img loading=\"lazy\" decoding=\"async\" width=\"1024\" height=\"146\" src=\"https:\/\/pvz.sk\/wp-content\/uploads\/2019\/04\/Fortinet-1024x146.png\" alt=\"\" data-id=\"599\" data-link=\"https:\/\/pvz.sk\/?attachment_id=599\" class=\"wp-image-599\" srcset=\"https:\/\/pvz.sk\/wp-content\/uploads\/2019\/04\/Fortinet-1024x146.png 1024w, https:\/\/pvz.sk\/wp-content\/uploads\/2019\/04\/Fortinet-300x43.png 300w, https:\/\/pvz.sk\/wp-content\/uploads\/2019\/04\/Fortinet-768x109.png 768w, https:\/\/pvz.sk\/wp-content\/uploads\/2019\/04\/Fortinet-700x100.png 700w, https:\/\/pvz.sk\/wp-content\/uploads\/2019\/04\/Fortinet-410x58.png 410w, https:\/\/pvz.sk\/wp-content\/uploads\/2019\/04\/Fortinet-100x14.png 100w, https:\/\/pvz.sk\/wp-content\/uploads\/2019\/04\/Fortinet-275x39.png 275w, https:\/\/pvz.sk\/wp-content\/uploads\/2019\/04\/Fortinet.png 1200w\" sizes=\"auto, (max-width: 1024px) 100vw, 1024px\" \/><\/figure><\/li><li class=\"blocks-gallery-item\"><figure><img loading=\"lazy\" decoding=\"async\" width=\"868\" height=\"140\" src=\"https:\/\/pvz.sk\/wp-content\/uploads\/2019\/04\/SonicWall.png\" alt=\"\" data-id=\"607\" data-link=\"https:\/\/pvz.sk\/?attachment_id=607\" class=\"wp-image-607\" srcset=\"https:\/\/pvz.sk\/wp-content\/uploads\/2019\/04\/SonicWall.png 868w, https:\/\/pvz.sk\/wp-content\/uploads\/2019\/04\/SonicWall-300x48.png 300w, https:\/\/pvz.sk\/wp-content\/uploads\/2019\/04\/SonicWall-768x124.png 768w, https:\/\/pvz.sk\/wp-content\/uploads\/2019\/04\/SonicWall-700x113.png 700w, https:\/\/pvz.sk\/wp-content\/uploads\/2019\/04\/SonicWall-410x66.png 410w, https:\/\/pvz.sk\/wp-content\/uploads\/2019\/04\/SonicWall-100x16.png 100w, https:\/\/pvz.sk\/wp-content\/uploads\/2019\/04\/SonicWall-275x44.png 275w\" sizes=\"auto, (max-width: 868px) 100vw, 868px\" \/><\/figure><\/li><li class=\"blocks-gallery-item\"><figure><img loading=\"lazy\" decoding=\"async\" width=\"789\" height=\"133\" src=\"https:\/\/pvz.sk\/wp-content\/uploads\/2019\/04\/check-point.jpg\" alt=\"\" data-id=\"594\" data-link=\"https:\/\/pvz.sk\/?attachment_id=594\" class=\"wp-image-594\" srcset=\"https:\/\/pvz.sk\/wp-content\/uploads\/2019\/04\/check-point.jpg 789w, https:\/\/pvz.sk\/wp-content\/uploads\/2019\/04\/check-point-300x51.jpg 300w, https:\/\/pvz.sk\/wp-content\/uploads\/2019\/04\/check-point-768x129.jpg 768w, https:\/\/pvz.sk\/wp-content\/uploads\/2019\/04\/check-point-700x118.jpg 700w, https:\/\/pvz.sk\/wp-content\/uploads\/2019\/04\/check-point-410x69.jpg 410w, https:\/\/pvz.sk\/wp-content\/uploads\/2019\/04\/check-point-100x17.jpg 100w, https:\/\/pvz.sk\/wp-content\/uploads\/2019\/04\/check-point-275x46.jpg 275w\" sizes=\"auto, (max-width: 789px) 100vw, 789px\" \/><\/figure><\/li><li class=\"blocks-gallery-item\"><figure><img loading=\"lazy\" decoding=\"async\" width=\"1024\" height=\"768\" src=\"https:\/\/pvz.sk\/wp-content\/uploads\/2019\/04\/Canon-1024x768.png\" alt=\"\" data-id=\"593\" data-link=\"https:\/\/pvz.sk\/?attachment_id=593\" class=\"wp-image-593\" srcset=\"https:\/\/pvz.sk\/wp-content\/uploads\/2019\/04\/Canon-1024x768.png 1024w, https:\/\/pvz.sk\/wp-content\/uploads\/2019\/04\/Canon-300x225.png 300w, https:\/\/pvz.sk\/wp-content\/uploads\/2019\/04\/Canon-768x576.png 768w, https:\/\/pvz.sk\/wp-content\/uploads\/2019\/04\/Canon-700x525.png 700w, https:\/\/pvz.sk\/wp-content\/uploads\/2019\/04\/Canon-410x308.png 410w, https:\/\/pvz.sk\/wp-content\/uploads\/2019\/04\/Canon-100x75.png 100w, https:\/\/pvz.sk\/wp-content\/uploads\/2019\/04\/Canon-275x206.png 275w\" sizes=\"auto, (max-width: 1024px) 100vw, 1024px\" \/><\/figure><\/li><li class=\"blocks-gallery-item\"><figure><img loading=\"lazy\" decoding=\"async\" width=\"1024\" height=\"229\" src=\"https:\/\/pvz.sk\/wp-content\/uploads\/2019\/04\/Epson-1024x229.png\" alt=\"\" data-id=\"597\" data-link=\"https:\/\/pvz.sk\/?attachment_id=597\" class=\"wp-image-597\" srcset=\"https:\/\/pvz.sk\/wp-content\/uploads\/2019\/04\/Epson-1024x229.png 1024w, https:\/\/pvz.sk\/wp-content\/uploads\/2019\/04\/Epson-300x67.png 300w, https:\/\/pvz.sk\/wp-content\/uploads\/2019\/04\/Epson-768x172.png 768w, https:\/\/pvz.sk\/wp-content\/uploads\/2019\/04\/Epson-700x156.png 700w, https:\/\/pvz.sk\/wp-content\/uploads\/2019\/04\/Epson-410x92.png 410w, https:\/\/pvz.sk\/wp-content\/uploads\/2019\/04\/Epson-100x22.png 100w, https:\/\/pvz.sk\/wp-content\/uploads\/2019\/04\/Epson-275x61.png 275w\" sizes=\"auto, (max-width: 1024px) 100vw, 1024px\" \/><\/figure><\/li><li class=\"blocks-gallery-item\"><figure><img loading=\"lazy\" decoding=\"async\" width=\"1024\" height=\"279\" src=\"https:\/\/pvz.sk\/wp-content\/uploads\/2019\/04\/Kyocera-1024x279.png\" alt=\"\" data-id=\"601\" data-link=\"https:\/\/pvz.sk\/?attachment_id=601\" class=\"wp-image-601\" srcset=\"https:\/\/pvz.sk\/wp-content\/uploads\/2019\/04\/Kyocera-1024x279.png 1024w, https:\/\/pvz.sk\/wp-content\/uploads\/2019\/04\/Kyocera-300x82.png 300w, https:\/\/pvz.sk\/wp-content\/uploads\/2019\/04\/Kyocera-768x209.png 768w, https:\/\/pvz.sk\/wp-content\/uploads\/2019\/04\/Kyocera-700x191.png 700w, https:\/\/pvz.sk\/wp-content\/uploads\/2019\/04\/Kyocera-410x112.png 410w, https:\/\/pvz.sk\/wp-content\/uploads\/2019\/04\/Kyocera-100x27.png 100w, https:\/\/pvz.sk\/wp-content\/uploads\/2019\/04\/Kyocera-275x75.png 275w\" sizes=\"auto, (max-width: 1024px) 100vw, 1024px\" \/><\/figure><\/li><li class=\"blocks-gallery-item\"><figure><img loading=\"lazy\" decoding=\"async\" width=\"1024\" height=\"768\" src=\"https:\/\/pvz.sk\/wp-content\/uploads\/2019\/04\/Lexmark-1024x768.png\" alt=\"\" data-id=\"603\" data-link=\"https:\/\/pvz.sk\/?attachment_id=603\" class=\"wp-image-603\" srcset=\"https:\/\/pvz.sk\/wp-content\/uploads\/2019\/04\/Lexmark-1024x768.png 1024w, https:\/\/pvz.sk\/wp-content\/uploads\/2019\/04\/Lexmark-300x225.png 300w, https:\/\/pvz.sk\/wp-content\/uploads\/2019\/04\/Lexmark-768x576.png 768w, https:\/\/pvz.sk\/wp-content\/uploads\/2019\/04\/Lexmark-700x525.png 700w, https:\/\/pvz.sk\/wp-content\/uploads\/2019\/04\/Lexmark-410x308.png 410w, https:\/\/pvz.sk\/wp-content\/uploads\/2019\/04\/Lexmark-100x75.png 100w, https:\/\/pvz.sk\/wp-content\/uploads\/2019\/04\/Lexmark-275x206.png 275w\" sizes=\"auto, (max-width: 1024px) 100vw, 1024px\" \/><\/figure><\/li><li class=\"blocks-gallery-item\"><figure><img loading=\"lazy\" decoding=\"async\" width=\"1024\" height=\"447\" src=\"https:\/\/pvz.sk\/wp-content\/uploads\/2019\/04\/Ricoh-1024x447.png\" alt=\"\" data-id=\"606\" data-link=\"https:\/\/pvz.sk\/?attachment_id=606\" class=\"wp-image-606\" srcset=\"https:\/\/pvz.sk\/wp-content\/uploads\/2019\/04\/Ricoh-1024x447.png 1024w, https:\/\/pvz.sk\/wp-content\/uploads\/2019\/04\/Ricoh-300x131.png 300w, https:\/\/pvz.sk\/wp-content\/uploads\/2019\/04\/Ricoh-768x335.png 768w, https:\/\/pvz.sk\/wp-content\/uploads\/2019\/04\/Ricoh-700x306.png 700w, https:\/\/pvz.sk\/wp-content\/uploads\/2019\/04\/Ricoh-410x179.png 410w, https:\/\/pvz.sk\/wp-content\/uploads\/2019\/04\/Ricoh-100x44.png 100w, https:\/\/pvz.sk\/wp-content\/uploads\/2019\/04\/Ricoh-275x120.png 275w\" sizes=\"auto, (max-width: 1024px) 100vw, 1024px\" \/><\/figure><\/li><li class=\"blocks-gallery-item\"><figure><img loading=\"lazy\" decoding=\"async\" width=\"1024\" height=\"768\" src=\"https:\/\/pvz.sk\/wp-content\/uploads\/2019\/04\/Xerox-1024x768.png\" alt=\"\" data-id=\"610\" data-link=\"https:\/\/pvz.sk\/?attachment_id=610\" class=\"wp-image-610\" srcset=\"https:\/\/pvz.sk\/wp-content\/uploads\/2019\/04\/Xerox-1024x768.png 1024w, https:\/\/pvz.sk\/wp-content\/uploads\/2019\/04\/Xerox-300x225.png 300w, https:\/\/pvz.sk\/wp-content\/uploads\/2019\/04\/Xerox-768x576.png 768w, https:\/\/pvz.sk\/wp-content\/uploads\/2019\/04\/Xerox-700x525.png 700w, https:\/\/pvz.sk\/wp-content\/uploads\/2019\/04\/Xerox-410x308.png 410w, https:\/\/pvz.sk\/wp-content\/uploads\/2019\/04\/Xerox-100x75.png 100w, https:\/\/pvz.sk\/wp-content\/uploads\/2019\/04\/Xerox-275x206.png 275w\" sizes=\"auto, (max-width: 1024px) 100vw, 1024px\" \/><\/figure><\/li><\/ul><\/figure>\n","protected":false},"excerpt":{"rendered":"<p>Pri pr\u00e1ci vyu\u017e\u00edvame zariadenia l\u00eddrov vo svojich oblastiach \u010di u\u017e ide o small business alebo corporate rie\u0161enia. Pracujeme s najnov\u0161\u00edmi technol\u00f3giami v oblastiach ako s\u00fa opera\u010dn\u00e9 syst\u00e9my, hardware, software, sie\u0165ov\u00e9 rie\u0161enia, vpn \/ firewally \u010di printery. Opera\u010dn\u00e9 syst\u00e9my: Windows XP, Vista, 7, 8, 8.1, 10 Windows Server 2003, 2008, 2012, 2016, 2019 Linux &#8211; Ubuntu, [&hellip;]<\/p>\n","protected":false},"author":1,"featured_media":0,"parent":0,"menu_order":0,"comment_status":"closed","ping_status":"closed","template":"","meta":{"_monsterinsights_skip_tracking":false,"_monsterinsights_sitenote_active":false,"_monsterinsights_sitenote_note":"","_monsterinsights_sitenote_category":0,"footnotes":""},"class_list":["post-417","page","type-page","status-publish","hentry"],"_links":{"self":[{"href":"https:\/\/pvz.sk\/index.php?rest_route=\/wp\/v2\/pages\/417","targetHints":{"allow":["GET"]}}],"collection":[{"href":"https:\/\/pvz.sk\/index.php?rest_route=\/wp\/v2\/pages"}],"about":[{"href":"https:\/\/pvz.sk\/index.php?rest_route=\/wp\/v2\/types\/page"}],"author":[{"embeddable":true,"href":"https:\/\/pvz.sk\/index.php?rest_route=\/wp\/v2\/users\/1"}],"replies":[{"embeddable":true,"href":"https:\/\/pvz.sk\/index.php?rest_route=%2Fwp%2Fv2%2Fcomments&post=417"}],"version-history":[{"count":7,"href":"https:\/\/pvz.sk\/index.php?rest_route=\/wp\/v2\/pages\/417\/revisions"}],"predecessor-version":[{"id":4800,"href":"https:\/\/pvz.sk\/index.php?rest_route=\/wp\/v2\/pages\/417\/revisions\/4800"}],"wp:attachment":[{"href":"https:\/\/pvz.sk\/index.php?rest_route=%2Fwp%2Fv2%2Fmedia&parent=417"}],"curies":[{"name":"wp","href":"https:\/\/api.w.org\/{rel}","templated":true}]}}