{"id":449,"date":"2019-03-27T17:12:32","date_gmt":"2019-03-27T16:12:32","guid":{"rendered":"https:\/\/pvz.sk\/?page_id=449"},"modified":"2026-03-18T13:25:05","modified_gmt":"2026-03-18T12:25:05","slug":"kontakt","status":"publish","type":"page","link":"https:\/\/pvz.sk\/?page_id=449","title":{"rendered":"Kontakt"},"content":{"rendered":"\n<div style=\"height:25px\" aria-hidden=\"true\" class=\"wp-block-spacer\"><\/div>\n\n\n\n<div class=\"wp-block-group is-nowrap is-layout-flex wp-container-core-group-is-layout-ad2f72ca wp-block-group-is-layout-flex\">\n<div class=\"wp-block-buttons is-layout-flex wp-block-buttons-is-layout-flex\">\n<div class=\"wp-block-button\"><a class=\"wp-block-button__link wp-element-button\">office@pvz.sk<\/a><\/div>\n<\/div>\n\n\n\n<div class=\"wp-block-buttons is-content-justification-space-between is-layout-flex wp-container-core-buttons-is-layout-3d213aab wp-block-buttons-is-layout-flex\">\n<div class=\"wp-block-button\"><a class=\"wp-block-button__link has-text-align-center wp-element-button\">0911 189 999<\/a><\/div>\n<\/div>\n<\/div>\n\n\n\n<div style=\"height:50px\" aria-hidden=\"true\" class=\"wp-block-spacer\"><\/div>\n\n\n\n<h5 class=\"wp-block-heading has-text-align-left\">Firemn\u00e9 \u00fadaje<\/h5>\n\n\n\n<div class=\"wp-block-media-text alignwide has-media-on-the-right is-stacked-on-mobile\"><div class=\"wp-block-media-text__content\">\n<p><strong>PVZ IT s.r.o.<\/strong> <\/p>\n\n\n\n<p style=\"font-size:14px\">Bac\u00farov 101<\/p>\n\n\n\n<p style=\"font-size:14px\">962 61 Bac\u00farov<\/p>\n\n\n\n<p style=\"font-size:14px\">I\u010cO: <strong>57 464 847<\/strong><\/p>\n\n\n\n<p style=\"font-size:14px\">DI\u010c: 2122763742<\/p>\n\n\n\n<p style=\"font-size:14px\">Z\u00e1pis v Obchodnom registri Okresn\u00e9ho s\u00fadu Bansk\u00e1 Bystrica, oddiel: Sro, vlo\u017eka \u010d. 55013\/S<\/p>\n\n\n\n<p><\/p>\n<\/div><figure class=\"wp-block-media-text__media\"><img loading=\"lazy\" decoding=\"async\" width=\"332\" height=\"196\" src=\"https:\/\/pvz.sk\/wp-content\/uploads\/2021\/05\/bacurov-sidlo.jpg\" alt=\"Bac\u00farov\" class=\"wp-image-4095 size-full\" srcset=\"https:\/\/pvz.sk\/wp-content\/uploads\/2021\/05\/bacurov-sidlo.jpg 332w, https:\/\/pvz.sk\/wp-content\/uploads\/2021\/05\/bacurov-sidlo-300x177.jpg 300w, https:\/\/pvz.sk\/wp-content\/uploads\/2021\/05\/bacurov-sidlo-100x59.jpg 100w, https:\/\/pvz.sk\/wp-content\/uploads\/2021\/05\/bacurov-sidlo-275x162.jpg 275w\" sizes=\"auto, (max-width: 332px) 100vw, 332px\" \/><\/figure><\/div>\n\n\n\n<div style=\"height:50px\" aria-hidden=\"true\" class=\"wp-block-spacer\"><\/div>\n\n\n\n<h5 class=\"wp-block-heading has-text-align-left\">Kontaktn\u00fd formul\u00e1r<\/h5>\n\n\n\n<div style=\"height:15px\" aria-hidden=\"true\" class=\"wp-block-spacer\"><\/div>\n\n\n\n<div class=\"wpcf7 no-js\" id=\"wpcf7-f457-o1\" lang=\"sk-SK\" dir=\"ltr\" data-wpcf7-id=\"457\">\n<div class=\"screen-reader-response\"><p role=\"status\" aria-live=\"polite\" aria-atomic=\"true\"><\/p> <ul><\/ul><\/div>\n<form action=\"\/index.php?rest_route=%2Fwp%2Fv2%2Fpages%2F449#wpcf7-f457-o1\" method=\"post\" class=\"wpcf7-form init\" aria-label=\"Kontaktn\u00fd formul\u00e1r\" novalidate=\"novalidate\" data-status=\"init\">\n<fieldset class=\"hidden-fields-container\"><input type=\"hidden\" name=\"_wpcf7\" value=\"457\" \/><input type=\"hidden\" name=\"_wpcf7_version\" value=\"6.1.5\" \/><input type=\"hidden\" name=\"_wpcf7_locale\" value=\"sk_SK\" \/><input type=\"hidden\" name=\"_wpcf7_unit_tag\" value=\"wpcf7-f457-o1\" \/><input type=\"hidden\" name=\"_wpcf7_container_post\" value=\"0\" \/><input type=\"hidden\" name=\"_wpcf7_posted_data_hash\" value=\"\" \/><input type=\"hidden\" name=\"_wpcf7_recaptcha_response\" value=\"\" \/>\n<\/fieldset>\n<p><label> Va\u0161e meno<br \/>\n<span class=\"wpcf7-form-control-wrap\" data-name=\"your-name\"><input size=\"40\" maxlength=\"400\" class=\"wpcf7-form-control wpcf7-text wpcf7-validates-as-required\" aria-required=\"true\" aria-invalid=\"false\" value=\"\" type=\"text\" name=\"your-name\" \/><\/span> <\/label>\n<\/p>\n<p><label> V\u00e1\u0161 e-mail<br \/>\n<span class=\"wpcf7-form-control-wrap\" data-name=\"your-email\"><input size=\"40\" maxlength=\"400\" class=\"wpcf7-form-control wpcf7-email wpcf7-validates-as-required wpcf7-text wpcf7-validates-as-email\" aria-required=\"true\" aria-invalid=\"false\" value=\"\" type=\"email\" name=\"your-email\" \/><\/span> <\/label>\n<\/p>\n<p><label> Va\u0161a spr\u00e1va<br \/>\n<span class=\"wpcf7-form-control-wrap\" data-name=\"your-message\"><textarea cols=\"40\" rows=\"10\" maxlength=\"2000\" class=\"wpcf7-form-control wpcf7-textarea\" aria-invalid=\"false\" name=\"your-message\"><\/textarea><\/span> <\/label>\n<\/p>\n<p><input class=\"wpcf7-form-control wpcf7-submit has-spinner\" type=\"submit\" value=\"Odo\u0161li\" \/>\n<\/p>\n<span class=\"wpcf7-form-control-wrap recaptcha\" data-name=\"recaptcha\"><span data-sitekey=\"6LfgZQslAAAAAAsvHuQNkHo0s1rCmBQv1ZpkF-VY\" data-theme=\"light\" class=\"wpcf7-form-control wpcf7-recaptcha g-recaptcha\" id=\"foo\"><\/span>\r\n<noscript>\r\n\t<div class=\"grecaptcha-noscript\">\r\n\t\t<iframe loading=\"lazy\" src=\"https:\/\/www.google.com\/recaptcha\/api\/fallback?k=6LfgZQslAAAAAAsvHuQNkHo0s1rCmBQv1ZpkF-VY\" frameborder=\"0\" scrolling=\"no\" width=\"310\" height=\"430\">\r\n\t\t<\/iframe>\r\n\t\t<textarea name=\"g-recaptcha-response\" rows=\"3\" cols=\"40\" placeholder=\"reCaptcha Response Here\">\r\n\t\t<\/textarea>\r\n\t<\/div>\r\n<\/noscript>\r\n<\/span><div class=\"wpcf7-response-output\" aria-hidden=\"true\"><\/div>\n<\/form>\n<\/div>\n\n\n\n\n<div style=\"height:35px\" aria-hidden=\"true\" class=\"wp-block-spacer\"><\/div>\n\n\n\n<h5 class=\"wp-block-heading has-text-align-left\">Kde n\u00e1s n\u00e1jdete<\/h5>\n\n\n\n<p style=\"font-size:14px\">Nach\u00e1dzame sa medzi obcami Ostr\u00e1 L\u00faka, Dubov\u00e9 a Breziny. <\/p>\n\n\n\n<p style=\"font-size:14px\">Vzdialenos\u0165 k r\u00fdchlostnej ceste R1 je 6 km (v\u00fdjazd Bud\u010da \/ Ostr\u00e1 L\u00faka). Vzdialenos\u0165 do centra Zvolena je 12 km.<\/p>\n\n\n\n<iframe src=\"https:\/\/www.google.com\/maps\/embed?pb=!1m18!1m12!1m3!1d2642.779253905556!2d19.054370976762655!3d48.518296224579444!2m3!1f0!2f0!3f0!3m2!1i1024!2i768!4f13.1!3m3!1m2!1s0x4715379972283ad3%3A0xbb56c6027c97a4f2!2sPVZ%20IT%20s.r.o.!5e0!3m2!1ssk!2ssk!4v1773836344230!5m2!1ssk!2ssk\" width=\"600\" height=\"450\" style=\"border:0;\" allowfullscreen=\"\" loading=\"lazy\" referrerpolicy=\"no-referrer-when-downgrade\"><\/iframe>\n\n\n\n<ul class=\"wp-block-list\"><\/ul>\n","protected":false},"excerpt":{"rendered":"<p>Firemn\u00e9 \u00fadaje PVZ IT s.r.o. Bac\u00farov 101 962 61 Bac\u00farov I\u010cO: 57 464 847 DI\u010c: 2122763742 Z\u00e1pis v Obchodnom registri Okresn\u00e9ho s\u00fadu Bansk\u00e1 Bystrica, oddiel: Sro, vlo\u017eka \u010d. 55013\/S Kontaktn\u00fd formul\u00e1r Kde n\u00e1s n\u00e1jdete Nach\u00e1dzame sa medzi obcami Ostr\u00e1 L\u00faka, Dubov\u00e9 a Breziny. Vzdialenos\u0165 k r\u00fdchlostnej ceste R1 je 6 km (v\u00fdjazd Bud\u010da \/ Ostr\u00e1 [&hellip;]<\/p>\n","protected":false},"author":1,"featured_media":0,"parent":0,"menu_order":0,"comment_status":"closed","ping_status":"closed","template":"","meta":{"_monsterinsights_skip_tracking":false,"_monsterinsights_sitenote_active":false,"_monsterinsights_sitenote_note":"","_monsterinsights_sitenote_category":0,"footnotes":""},"class_list":["post-449","page","type-page","status-publish","hentry"],"_links":{"self":[{"href":"https:\/\/pvz.sk\/index.php?rest_route=\/wp\/v2\/pages\/449","targetHints":{"allow":["GET"]}}],"collection":[{"href":"https:\/\/pvz.sk\/index.php?rest_route=\/wp\/v2\/pages"}],"about":[{"href":"https:\/\/pvz.sk\/index.php?rest_route=\/wp\/v2\/types\/page"}],"author":[{"embeddable":true,"href":"https:\/\/pvz.sk\/index.php?rest_route=\/wp\/v2\/users\/1"}],"replies":[{"embeddable":true,"href":"https:\/\/pvz.sk\/index.php?rest_route=%2Fwp%2Fv2%2Fcomments&post=449"}],"version-history":[{"count":6,"href":"https:\/\/pvz.sk\/index.php?rest_route=\/wp\/v2\/pages\/449\/revisions"}],"predecessor-version":[{"id":6643,"href":"https:\/\/pvz.sk\/index.php?rest_route=\/wp\/v2\/pages\/449\/revisions\/6643"}],"wp:attachment":[{"href":"https:\/\/pvz.sk\/index.php?rest_route=%2Fwp%2Fv2%2Fmedia&parent=449"}],"curies":[{"name":"wp","href":"https:\/\/api.w.org\/{rel}","templated":true}]}}